{"id":107,"date":"2020-03-06T02:15:03","date_gmt":"2020-03-06T02:15:03","guid":{"rendered":"http:\/\/fincaslavado.com\/wp2020\/?page_id=107"},"modified":"2022-04-10T16:39:22","modified_gmt":"2022-04-10T16:39:22","slug":"oficina-virtual","status":"publish","type":"page","link":"https:\/\/fincaslavado.com\/wp2020\/oficina-virtual\/","title":{"rendered":"OFICINA VIRTUAL"},"content":{"rendered":"\n<p><\/p>\n\n\n\n<p><\/p>\n\n\n\n<p class=\"has-text-align-center\"><strong><u>POL\u00cdTICA DE PRIVACIDAD<\/u><\/strong><\/p>\n\n\n\n<p>De conformidad con el Reglamento (UE) 2016\/679 del Parlamento Europeo y del Consejo de 27 de abril de 2016 relativo a la protecci\u00f3n de las personas f\u00edsicas (RGPD) y la Ley Org\u00e1nica 3\/2018, de 5 de diciembre, de Protecci\u00f3n de Datos Personales y Garant\u00eda de Derechos Digitales, LAVADO ADMINISTRACI\u00d3N DE FINCAS, S.L. le informa sobre su pol\u00edtica de privacidad en el tratamiento de los datos personales y le garantiza el cumplimiento de la normativa vigente en materia de protecci\u00f3n de datos.<\/p>\n\n\n\n<p><strong><u>RESPONSABLE DEL TRATAMIENTO<\/u><\/strong><\/p>\n\n\n\n<p><strong>Responsable del tratamiento:<\/strong> LAVADO ADMINISTRACI\u00d3N DE FINCAS, S.L.<\/p>\n\n\n\n<p><strong>CIF:<\/strong> B54608526<\/p>\n\n\n\n<p><strong>Domicilio social:<\/strong> Avenida Ram\u00f3n Gallud, 16-1\u00baD (03181) Torrevieja (Alicante)<\/p>\n\n\n\n<p><strong>Direcci\u00f3n de correo electr\u00f3nico:<\/strong> <a href=\"mailto:comunidades@fincaslavado.com\">comunidades@fincaslavado.com<\/a><\/p>\n\n\n\n<p><strong>Direcci\u00f3n web:<\/strong> <a href=\"http:\/\/fincaslavado.com\/\">www.fincaslavado.com<\/a><\/p>\n\n\n\n<p><strong><u>FINALIDAD Y LEGITIMACI\u00d3N<\/u><\/strong><\/p>\n\n\n\n<p>Para navegar por <a href=\"http:\/\/fincaslavado.com\/\">www.fincaslavado.com<\/a> no es necesario facilitar datos personales. LAVADO ADMINISTRACI\u00d3N DE FINCAS, S.L. podr\u00e1 recabar datos en los siguientes supuestos:<\/p>\n\n\n\n<figure class=\"wp-block-table\"><table><tbody><tr><td><strong>Fines<\/strong><\/td><td><strong>Legitimaci\u00f3n<\/strong><\/td><\/tr><tr><td>Cuando nos facilite sus datos a trav\u00e9s del formulario de contacto.<\/td><td>Consentimiento del interesado (art. 6.1.a RGPD).<\/td><\/tr><tr><td>Al darse de alta en la oficina virtual<\/td><\/tr><tr><td>Cuando desee recibir informaci\u00f3n comercial acerca de nuestros servicios.<\/td><\/tr><tr><td>Gestionar CV de candidatos para cubrir vacantes.<\/td><\/tr><tr><td>Cuando se ejecute un contrato con nosotros (proveedores, colaboradores, personal laboral, clientes)<\/td><td>Ejecuci\u00f3n de un contrato o adopci\u00f3n de medidas precontractuales (art. 6.1.b RGPD).<\/td><\/tr><tr><td>Gesti\u00f3n interna de la empresa para el cumplimiento de obligaciones legales.<\/td><td>Cumplimiento de obligaciones legales (art. 6.1.c RGPD)<\/td><\/tr><tr><td>Cuando las im\u00e1genes sean captadas por el sistema de videovigilancia del establecimiento.<\/td><td>Cumplimiento de una misi\u00f3n en inter\u00e9s p\u00fablico (art. 6.1.e RGPD).<\/td><\/tr><\/tbody><\/table><\/figure>\n\n\n\n<p>En todo momento sus datos estar\u00e1n protegidos por el deber de secreto profesional y ser\u00e1n tratados con la m\u00e1xima confidencialidad.<\/p>\n\n\n\n<p><strong><u>CONSERVACI\u00d3N DE DATOS<\/u><\/strong><\/p>\n\n\n\n<p>Los datos personales proporcionados se conservar\u00e1n durante el tiempo necesario para cumplir la finalidad para la que fueron recabados.<\/p>\n\n\n\n<p>Cuando la finalidad sea una consulta, los datos se conservar\u00e1n hasta la resoluci\u00f3n de la misma.<\/p>\n\n\n\n<p>Cuando la finalidad la ejecuci\u00f3n de un contrato, as\u00ed como los derivados de los servicios jur\u00eddicos o gestiones extrajudiciales que LAVADO ADMINISTRACI\u00d3N DE FINCAS, S.L. ofrece, se conservar\u00e1n mientras exista la relaci\u00f3n contractual.<\/p>\n\n\n\n<p>El plazo legal para la conservaci\u00f3n de im\u00e1genes es de un 1 mes.<\/p>\n\n\n\n<p>En cualquier caso, los datos se conservar\u00e1n durante el tiempo necesario para determinar posibles responsabilidades que se puedan derivar de la finalidad.<\/p>\n\n\n\n<p><strong><u>COMUNICACI\u00d3N DE DATOS<\/u><\/strong><\/p>\n\n\n\n<p>Los datos personales recabados no son cedidos a terceros. No obstante, podr\u00e1n comunicarse a:<\/p>\n\n\n\n<ul><li>Profesionales colaboradores de LAVADO ADMINISTRACI\u00d3N DE FINCAS, S.L. cuando sea necesario para cumplir con el encargo profesional solicitado por el cliente.<\/li><li>Prestadores de servicios necesarios para el desarrollo de la actividad profesional (encargados de tratamiento).<\/li><li>Juzgados y Tribunales, y Administraciones P\u00fablicas competentes para el cumplimiento del encargo profesional.<\/li><li>Procuradores, como representantes de los litigantes ante los Juzgados y Tribunales; peritos y otros profesionales cuya intervenci\u00f3n pueda ser necesaria. Para ello deber\u00e1 manifestar su consentimiento.<\/li><\/ul>\n\n\n\n<p><strong><u>TRANSFERENCIAS INTERNACIONALES<\/u><\/strong>:<\/p>\n\n\n\n<p>No se realizar\u00e1n transferencias de sus datos personales a un tercer pa\u00eds u organizaci\u00f3n internacional.<\/p>\n\n\n\n<p><strong><u>DERECHOS DE LOS INTERESADOS<\/u><\/strong><\/p>\n\n\n\n<p>El interesado puede ejercer sus derechos de acceso, rectificaci\u00f3n, supresi\u00f3n y portabilidad de sus datos, de limitaci\u00f3n y oposici\u00f3n a su tratamiento, as\u00ed como a no ser objeto de decisiones basadas \u00fanicamente en el tratamiento automatizado de sus datos, enviando un correo electr\u00f3nico a <a href=\"mailto:comunidades@fincaslavado.com\">comunidades@fincaslavado.com<\/a> junto con una fotocopia del D.N.I. o documento de identificaci\u00f3n equivalente o de manera presencial en el domicilio social del Responsable.<\/p>\n\n\n\n<p>Tambi\u00e9n tiene derecho a presentar una reclamaci\u00f3n ante la Agencia Espa\u00f1ola de Protecci\u00f3n de Datos (<a href=\"http:\/\/www.aepd.es\">www.aepd.es<\/a>) si considera que se ha cometido una infracci\u00f3n de la legislaci\u00f3n en materia de protecci\u00f3n de datos respecto al tratamiento de sus datos personales.<\/p>\n\n\n\n<p>Tambi\u00e9n tiene derecho a presentar una reclamaci\u00f3n ante la Agencia Espa\u00f1ola de Protecci\u00f3n de Datos (<a href=\"http:\/\/www.aepd.es\">www.aepd.es<\/a>) si considera que se ha cometido una infracci\u00f3n de la legislaci\u00f3n en materia de protecci\u00f3n de datos respecto al tratamiento de sus datos personales.<\/p>\n\n\n\n<p>No se toman decisiones automatizadas mediante procesos inform\u00e1ticos sin intervenci\u00f3n humana, incluida la elaboraci\u00f3n de perfiles, que produzcan efectos jur\u00eddicos.<\/p>\n\n\n\n<p><strong><u>MEDIDAS DE SEGURIDAD<\/u><\/strong><\/p>\n\n\n\n<p>LAVADO ADMINISTRACI\u00d3N DE FINCAS, S.L. adopta los niveles de seguridad requeridos por el RGPD adecuados al tipo de datos objeto del tratamiento. No obstante, dado que las medidas de seguridad de los sistemas inform\u00e1ticos no son inexpugnables pueden existir actuaciones dolosas por parte de terceros, si bien LAVADO ADMINISTRACI\u00d3N DE FINCAS, S.L. pone a disposici\u00f3n todos los medios a su alcance para evitar dichas actuaciones.<\/p>\n\n\n\n<p><strong><u>COOKIES Y DIRECCIONES IP<\/u><\/strong><\/p>\n\n\n\n<p>Las cookies son ficheros enviados a un navegador por medio de un servidor web con el objeto de registrar la navegaci\u00f3n del Usuario del Sitio Web, cuando este permita su recepci\u00f3n.<\/p>\n\n\n\n<p>Este Sitio Web puede utilizar cookies propias o de terceros que pueden servir para identificar una sesi\u00f3n de usuarios (cookies de sesi\u00f3n) y\/o un equipo o dispositivo (persistentes). Estas cookies se asocian \u00fanicamente con un usuario y su ordenador, y no proporcionan por s\u00ed mismas el nombre de usuario ni ning\u00fan dato de car\u00e1cter personal. Tampoco pueden leer datos de su disco duro ni archivos cookie creados por otros proveedores.<\/p>\n\n\n\n<p>Para m\u00e1s informaci\u00f3n, acceda a nuestra Pol\u00edtica de cookies. Poner enlace pol\u00edtica de cookies<\/p>\n\n\n\n<p>Una direcci\u00f3n IP es un n\u00famero asignado autom\u00e1ticamente a un ordenador cuando este se conecta a internet. Al navegar por el Sitio Web, los servidores podr\u00e1n detectar de manera autom\u00e1tica la direcci\u00f3n IP y el nombre de dominio utilizados por el usuario. Toda esta informaci\u00f3n es registrada en ficheros de actividad del servidor que permiten el posterior procesamiento de los datos con el fin de obtener mediciones \u00fanicamente estad\u00edsticas acerca del n\u00famero de impresiones de p\u00e1ginas, visitas realizadas a los servidores web, orden de visitas, puntos de acceso, etc.<\/p>\n\n\n\n<p><strong><u>CAMBIOS EN LA POL\u00cdTICA DE PRIVACIDAD<\/u><\/strong> LAVADO ADMINISTRACI\u00d3N DE FINCAS, S.L. se reserva el derecho a modificar la pol\u00edtica de protecci\u00f3n de datos de conformidad con la legislaci\u00f3n vigente o de conformidad con los criterios de la empresa. Cualquier modificaci\u00f3n ser\u00e1 publicada en esta p\u00e1gina web.<\/p>\n\n\n\n<p><\/p>\n\n\n\n<div class=\"wp-block-button alignleft\"><a class=\"wp-block-button__link has-luminous-vivid-amber-background-color has-background\" href=\"http:\/\/www.fincaslavado.com\/PHP\/acceso.php\">ACEPTO<\/a><\/div>\n\n\n\n<div class=\"wp-block-button alignright\"><a class=\"wp-block-button__link has-luminous-vivid-amber-background-color has-background\" href=\"http:\/\/fincaslavado.com\/wp2020\/contacto\/\">CANCELAR<\/a><\/div>\n\n\n\n<p><\/p>\n","protected":false},"excerpt":{"rendered":"<p>POL\u00cdTICA DE PRIVACIDAD De conformidad con el Reglamento (UE) 2016\/679 del Parlamento Europeo y del Consejo de 27 de abril<\/p>\n","protected":false},"author":1,"featured_media":0,"parent":0,"menu_order":0,"comment_status":"closed","ping_status":"closed","template":"","meta":{"footnotes":""},"yoast_head":"<!-- This site is optimized with the Yoast SEO plugin v22.1 - https:\/\/yoast.com\/wordpress\/plugins\/seo\/ -->\n<title>OFICINA VIRTUAL - Fincas Lavado | Tu Administrador de Fincas en Torrevieja<\/title>\n<meta name=\"robots\" content=\"index, follow, max-snippet:-1, max-image-preview:large, max-video-preview:-1\" \/>\n<link rel=\"canonical\" href=\"https:\/\/fincaslavado.com\/wp2020\/oficina-virtual\/\" \/>\n<meta property=\"og:locale\" content=\"es_ES\" \/>\n<meta property=\"og:type\" content=\"article\" \/>\n<meta property=\"og:title\" content=\"OFICINA VIRTUAL - Fincas Lavado | Tu Administrador de Fincas en Torrevieja\" \/>\n<meta property=\"og:description\" content=\"POL\u00cdTICA DE PRIVACIDAD De conformidad con el Reglamento (UE) 2016\/679 del Parlamento Europeo y del Consejo de 27 de abril\" \/>\n<meta property=\"og:url\" content=\"https:\/\/fincaslavado.com\/wp2020\/oficina-virtual\/\" \/>\n<meta property=\"og:site_name\" content=\"Fincas Lavado | Tu Administrador de Fincas en Torrevieja\" \/>\n<meta property=\"article:modified_time\" content=\"2022-04-10T16:39:22+00:00\" \/>\n<meta name=\"twitter:card\" content=\"summary_large_image\" \/>\n<meta name=\"twitter:label1\" content=\"Tiempo de lectura\" \/>\n\t<meta name=\"twitter:data1\" content=\"5 minutos\" \/>\n<script type=\"application\/ld+json\" class=\"yoast-schema-graph\">{\"@context\":\"https:\/\/schema.org\",\"@graph\":[{\"@type\":\"WebPage\",\"@id\":\"https:\/\/fincaslavado.com\/wp2020\/oficina-virtual\/\",\"url\":\"https:\/\/fincaslavado.com\/wp2020\/oficina-virtual\/\",\"name\":\"OFICINA VIRTUAL - Fincas Lavado | Tu Administrador de Fincas en Torrevieja\",\"isPartOf\":{\"@id\":\"https:\/\/fincaslavado.com\/wp2020\/#website\"},\"datePublished\":\"2020-03-06T02:15:03+00:00\",\"dateModified\":\"2022-04-10T16:39:22+00:00\",\"breadcrumb\":{\"@id\":\"https:\/\/fincaslavado.com\/wp2020\/oficina-virtual\/#breadcrumb\"},\"inLanguage\":\"es\",\"potentialAction\":[{\"@type\":\"ReadAction\",\"target\":[\"https:\/\/fincaslavado.com\/wp2020\/oficina-virtual\/\"]}]},{\"@type\":\"BreadcrumbList\",\"@id\":\"https:\/\/fincaslavado.com\/wp2020\/oficina-virtual\/#breadcrumb\",\"itemListElement\":[{\"@type\":\"ListItem\",\"position\":1,\"name\":\"Portada\",\"item\":\"https:\/\/fincaslavado.com\/wp2020\/\"},{\"@type\":\"ListItem\",\"position\":2,\"name\":\"OFICINA VIRTUAL\"}]},{\"@type\":\"WebSite\",\"@id\":\"https:\/\/fincaslavado.com\/wp2020\/#website\",\"url\":\"https:\/\/fincaslavado.com\/wp2020\/\",\"name\":\"Fincas Lavado | Tu Administrador de Fincas en Torrevieja\",\"description\":\"Administraci\u00f3n de fincas\",\"publisher\":{\"@id\":\"https:\/\/fincaslavado.com\/wp2020\/#organization\"},\"potentialAction\":[{\"@type\":\"SearchAction\",\"target\":{\"@type\":\"EntryPoint\",\"urlTemplate\":\"https:\/\/fincaslavado.com\/wp2020\/?s={search_term_string}\"},\"query-input\":\"required name=search_term_string\"}],\"inLanguage\":\"es\"},{\"@type\":\"Organization\",\"@id\":\"https:\/\/fincaslavado.com\/wp2020\/#organization\",\"name\":\"Fincas Lavado | Tu Administrador de Fincas en Torrevieja\",\"url\":\"https:\/\/fincaslavado.com\/wp2020\/\",\"logo\":{\"@type\":\"ImageObject\",\"inLanguage\":\"es\",\"@id\":\"https:\/\/fincaslavado.com\/wp2020\/#\/schema\/logo\/image\/\",\"url\":\"https:\/\/fincaslavado.com\/wp2020\/wp-content\/uploads\/2024\/02\/logo_f_lavado_letras-1.png\",\"contentUrl\":\"https:\/\/fincaslavado.com\/wp2020\/wp-content\/uploads\/2024\/02\/logo_f_lavado_letras-1.png\",\"width\":400,\"height\":110,\"caption\":\"Fincas Lavado | Tu Administrador de Fincas en Torrevieja\"},\"image\":{\"@id\":\"https:\/\/fincaslavado.com\/wp2020\/#\/schema\/logo\/image\/\"}}]}<\/script>\n<!-- \/ Yoast SEO plugin. -->","yoast_head_json":{"title":"OFICINA VIRTUAL - Fincas Lavado | Tu Administrador de Fincas en Torrevieja","robots":{"index":"index","follow":"follow","max-snippet":"max-snippet:-1","max-image-preview":"max-image-preview:large","max-video-preview":"max-video-preview:-1"},"canonical":"https:\/\/fincaslavado.com\/wp2020\/oficina-virtual\/","og_locale":"es_ES","og_type":"article","og_title":"OFICINA VIRTUAL - Fincas Lavado | Tu Administrador de Fincas en Torrevieja","og_description":"POL\u00cdTICA DE PRIVACIDAD De conformidad con el Reglamento (UE) 2016\/679 del Parlamento Europeo y del Consejo de 27 de abril","og_url":"https:\/\/fincaslavado.com\/wp2020\/oficina-virtual\/","og_site_name":"Fincas Lavado | Tu Administrador de Fincas en Torrevieja","article_modified_time":"2022-04-10T16:39:22+00:00","twitter_card":"summary_large_image","twitter_misc":{"Tiempo de lectura":"5 minutos"},"schema":{"@context":"https:\/\/schema.org","@graph":[{"@type":"WebPage","@id":"https:\/\/fincaslavado.com\/wp2020\/oficina-virtual\/","url":"https:\/\/fincaslavado.com\/wp2020\/oficina-virtual\/","name":"OFICINA VIRTUAL - Fincas Lavado | Tu Administrador de Fincas en Torrevieja","isPartOf":{"@id":"https:\/\/fincaslavado.com\/wp2020\/#website"},"datePublished":"2020-03-06T02:15:03+00:00","dateModified":"2022-04-10T16:39:22+00:00","breadcrumb":{"@id":"https:\/\/fincaslavado.com\/wp2020\/oficina-virtual\/#breadcrumb"},"inLanguage":"es","potentialAction":[{"@type":"ReadAction","target":["https:\/\/fincaslavado.com\/wp2020\/oficina-virtual\/"]}]},{"@type":"BreadcrumbList","@id":"https:\/\/fincaslavado.com\/wp2020\/oficina-virtual\/#breadcrumb","itemListElement":[{"@type":"ListItem","position":1,"name":"Portada","item":"https:\/\/fincaslavado.com\/wp2020\/"},{"@type":"ListItem","position":2,"name":"OFICINA VIRTUAL"}]},{"@type":"WebSite","@id":"https:\/\/fincaslavado.com\/wp2020\/#website","url":"https:\/\/fincaslavado.com\/wp2020\/","name":"Fincas Lavado | Tu Administrador de Fincas en Torrevieja","description":"Administraci\u00f3n de fincas","publisher":{"@id":"https:\/\/fincaslavado.com\/wp2020\/#organization"},"potentialAction":[{"@type":"SearchAction","target":{"@type":"EntryPoint","urlTemplate":"https:\/\/fincaslavado.com\/wp2020\/?s={search_term_string}"},"query-input":"required name=search_term_string"}],"inLanguage":"es"},{"@type":"Organization","@id":"https:\/\/fincaslavado.com\/wp2020\/#organization","name":"Fincas Lavado | Tu Administrador de Fincas en Torrevieja","url":"https:\/\/fincaslavado.com\/wp2020\/","logo":{"@type":"ImageObject","inLanguage":"es","@id":"https:\/\/fincaslavado.com\/wp2020\/#\/schema\/logo\/image\/","url":"https:\/\/fincaslavado.com\/wp2020\/wp-content\/uploads\/2024\/02\/logo_f_lavado_letras-1.png","contentUrl":"https:\/\/fincaslavado.com\/wp2020\/wp-content\/uploads\/2024\/02\/logo_f_lavado_letras-1.png","width":400,"height":110,"caption":"Fincas Lavado | Tu Administrador de Fincas en Torrevieja"},"image":{"@id":"https:\/\/fincaslavado.com\/wp2020\/#\/schema\/logo\/image\/"}}]}},"_links":{"self":[{"href":"https:\/\/fincaslavado.com\/wp2020\/wp-json\/wp\/v2\/pages\/107"}],"collection":[{"href":"https:\/\/fincaslavado.com\/wp2020\/wp-json\/wp\/v2\/pages"}],"about":[{"href":"https:\/\/fincaslavado.com\/wp2020\/wp-json\/wp\/v2\/types\/page"}],"author":[{"embeddable":true,"href":"https:\/\/fincaslavado.com\/wp2020\/wp-json\/wp\/v2\/users\/1"}],"replies":[{"embeddable":true,"href":"https:\/\/fincaslavado.com\/wp2020\/wp-json\/wp\/v2\/comments?post=107"}],"version-history":[{"count":4,"href":"https:\/\/fincaslavado.com\/wp2020\/wp-json\/wp\/v2\/pages\/107\/revisions"}],"predecessor-version":[{"id":187,"href":"https:\/\/fincaslavado.com\/wp2020\/wp-json\/wp\/v2\/pages\/107\/revisions\/187"}],"wp:attachment":[{"href":"https:\/\/fincaslavado.com\/wp2020\/wp-json\/wp\/v2\/media?parent=107"}],"curies":[{"name":"wp","href":"https:\/\/api.w.org\/{rel}","templated":true}]}}