{"id":179,"date":"2022-04-10T06:45:47","date_gmt":"2022-04-10T06:45:47","guid":{"rendered":"http:\/\/fincaslavado.com\/wp2020\/?page_id=179"},"modified":"2025-07-14T23:34:34","modified_gmt":"2025-07-14T23:34:34","slug":"politica-cookies","status":"publish","type":"page","link":"http:\/\/fincaslavado.com\/wp2020\/politica-cookies\/","title":{"rendered":"Pol\u00edtica de cookies"},"content":{"rendered":"\n<p><strong>1. Qu\u00e9 son las cookies<\/strong><\/p>\n\n\n\n<div class=\"legal\">Una cookie es un archivo que se descarga en su ordenador o dispositivo m\u00f3vil al acceder a determinadas p\u00e1ginas web. Las cookies permiten a una p\u00e1gina web, entre otras cosas, almacenar y recuperar informaci\u00f3n sobre los h\u00e1bitos de navegaci\u00f3n de un usuario o de su equipo y, dependiendo de la informaci\u00f3n que contengan y de la forma en que se utilice su equipo, pueden utilizarse para reconocer al usuario.<\/div>\n\n\n\n<p><\/p>\n\n\n\n<p><strong>2. Tipos de cookies<\/strong><\/p>\n\n\n\n<div class=\"legal\"><em>Seg\u00fan la entidad que las gestione:<\/em><\/div>\n\n\n\n<p><\/p>\n\n\n\n<ul>\n<li>Cookies propias: aquellas que se env\u00edan al equipo terminal del usuario desde un equipo o dominio gestionado por el propio editor y desde el que se presta el servicio solicitado por el usuario.<\/li>\n\n\n\n<li>Cookies de terceros: aquellas que se env\u00edan al equipo terminal del usuario desde un equipo o dominio que no es gestionado por el editor, sino por otra entidad que trata los datos obtenidos a trav\u00e9s de las cookies.<\/li>\n<\/ul>\n\n\n\n<p><\/p>\n\n\n\n<p><div class=\"legal\"><em>Seg\u00fan el plazo de tiempo que permanecen activadas:<\/em><\/div><\/p>\n\n\n\n<ul>\n<li>Cookies de sesi\u00f3n: son un tipo de cookies dise\u00f1adas para recabar y almacenar datos mientras el usuario accede a una p\u00e1gina web. Se suelen emplear para almacenar informaci\u00f3n que solo interesa conservar para la prestaci\u00f3n del servicio solicitado por el usuario en una sola ocasi\u00f3n.<\/li>\n\n\n\n<li>Cookies persistentes: son un tipo de cookies en el que los datos siguen almacenados en el terminal y pueden ser accedidos y tratados durante un periodo definido por el responsable de la cookie, y que puede ir de unos minutos a varios a\u00f1os.<\/li>\n<\/ul>\n\n\n\n<div class=\"legal\"><em>Seg\u00fan su finalidad:<\/em><\/div>\n\n\n\n<p><\/p>\n\n\n\n<ul>\n<li>Cookies t\u00e9cnicas: aquellas que permiten al usuario la navegaci\u00f3n a trav\u00e9s de una p\u00e1gina web, plataforma o aplicaci\u00f3n y la utilizaci\u00f3n de las diferentes opciones o servicios que en ella existan.<\/li>\n\n\n\n<li>Cookies de personalizaci\u00f3n: aquellas que permiten al usuario acceder al servicio con algunas caracter\u00edsticas de car\u00e1cter general predefinidas en funci\u00f3n de una serie de criterios en el terminal del usuario (idioma, tipo de navegador a trav\u00e9s del cual se accede al servicio, configuraci\u00f3n regional, etc.).<\/li>\n\n\n\n<li>Cookies de an\u00e1lisis: aquellas que permiten al responsable de las mismas el seguimiento y an\u00e1lisis del comportamiento de los usuarios de los Sitios Web a los que est\u00e1n vinculadas (medici\u00f3n de la actividad, elaboraci\u00f3n de perfiles de navegaci\u00f3n de los usuarios, etc. con el fin de introducir mejoras en funci\u00f3n del an\u00e1lisis de los datos del uso que hacen los usuarios del servicio).<\/li>\n\n\n\n<li>Cookies publicitarias: aquellas que permiten la gesti\u00f3n, de la forma m\u00e1s eficaz posible, de los espacios publicitarios que, en su caso, el editor haya incluido en la p\u00e1gina web, aplicaci\u00f3n o plataforma desde la que presta el servicio solicitado en base a criterios como el contenido editado o la frecuencia en que se muestran los anuncios.<\/li>\n\n\n\n<li>Cookies de publicidad comportamental: cookies publicitarias que almacenan informaci\u00f3n acerca del comportamiento de los usuarios obtenida a trav\u00e9s de la observaci\u00f3n continuada de sus h\u00e1bitos de navegaci\u00f3n, con el objeto de desarrollar un perfil espec\u00edfico para mostrar publicidad en funci\u00f3n del mismo.<\/li>\n<\/ul>\n\n\n\n<p><strong>3.Derechos de los destinatarios de servicios<\/strong><\/p>\n\n\n\n<div class=\"legal\">En cumplimiento de la Ley 34\/2002, de 11 de julio, de servicios de la sociedad de la informaci\u00f3n y de comercio electr\u00f3nico (LSSICE), el responsable se encuentra obligado a obtener el consentimiento expreso del Usuario de todas las p\u00e1ginas web que usan cookies anal\u00edticas y de publicidad y afiliaci\u00f3n. Quedan exceptuadas del cumplimiento de esta obligaci\u00f3n las cookies utilizadas con la \u00fanica finalidad de permitir la comunicaci\u00f3n entre el equipo del usuario y la red (cookies t\u00e9cnicas) o de prestar estrictamente un servicio solicitado de forma expresa por el usuario.<\/div>\n\n\n\n<p><\/p>\n\n\n\n<p><strong>4. Tipos de cookies que se utilizan en este Sitio Web<\/strong><\/p>\n\n\n\n<div class=\"legal\">El titular de este Sitio Web utiliza cookies propias, y cookies de terceros que requieren el consentimiento del usuario.<\/div>\n\n\n\n<div class=\"legal\">Tenga en cuenta que, si acepta las cookies de terceros, deber\u00e1 eliminarlas desde las opciones del navegador o desde el sistema ofrecido por el propio tercero. Para acceder a la pol\u00edtica de cookies de Google Analytics, pinche <a href=\"https:\/\/developers.google.com\/analytics\/devguides\/collection\/analyticsjs\/cookie-usage?hl=es\">aqu\u00ed<\/a>.<\/div>\n\n\n\n<p><\/p>\n\n\n\n<div class=\"legal\">Los datos de las cookies utilizadas se detallan a continuaci\u00f3n:<\/div>\n\n\n\n<p><\/p>\n\n\n\n<figure class=\"wp-block-table\"><table><tbody><tr><td><strong>Cookies t\u00e9cnicas<\/strong><\/td><\/tr><tr><td><strong>Nombre<\/strong><\/td><td><strong>Finalidad<\/strong><\/td><td><strong>Propiedad<\/strong><\/td><td><strong>Duraci\u00f3n<\/strong><\/td><\/tr><tr><td>wp-settings-{user_id}<\/td><td>Cookie t\u00e9cnica que se usa para mantener la configuraci\u00f3n del usuario en wp-admin.<\/td><td>Propias<\/td><td>1 a\u00f1o (persistente)<\/td><\/tr><tr><td>hasConsent<\/td><td>Cookie t\u00e9cnica que almacena el consentimiento del usuario<\/td><td>Propias<\/td><td>1 a\u00f1o (persistente)<\/td><\/tr><\/tbody><\/table><\/figure>\n\n\n\n<figure class=\"wp-block-table\"><table><tbody><tr><td><strong>Cookies de an\u00e1lisis o medici\u00f3n<\/strong><\/td><\/tr><tr><td><strong>Nombre<\/strong><\/td><td><strong>Finalidad<\/strong><\/td><td><strong>Propiedad<\/strong><\/td><td><strong>Duraci\u00f3n<\/strong><\/td><\/tr><tr><td>_ga<\/td><td>Cookie Anal\u00edtica que habilita la funci\u00f3n de control de visitas \u00fanica<\/td><td>Google Analytics<\/td><td>2 a\u00f1os (persistente)<\/td><\/tr><tr><td>_gat<\/td><td>Cookie Anal\u00edtica para limitar el n\u00famero de solicitudes<\/td><td>Google Analytics<\/td><td>1 minuto (sesi\u00f3n)<\/td><\/tr><tr><td>_gid<\/td><td>Cookie Anal\u00edtica para distinguir usuarios<\/td><td>Google Analytics<\/td><td>24 horas (sesi\u00f3n)<\/td><\/tr><\/tbody><\/table><\/figure>\n\n\n\n<p><\/p>\n\n\n\n<p>Informaci\u00f3n adicional:<\/p>\n\n\n\n<ul>\n<li>Google Analytics puede instalar otras cookies seg\u00fan el documento&nbsp;<a href=\"https:\/\/developers.google.com\/analytics\/devguides\/collection\/analyticsjs\/cookie-usage?hl=es\" target=\"_blank\" rel=\"noreferrer noopener\">Uso de las cookies de Google Analytics en sitios web<\/a>.<\/li>\n<\/ul>\n\n\n\n<div class=\"legal\">El sitio Web puede instalar otras cookies:<\/div>\n\n\n\n<p><\/p>\n\n\n\n<div class=\"legal\">wordpress_test_cookie<br>_ga<br>wp-settings-*<\/div>\n\n\n\n<p><\/p>\n\n\n\n<p><strong>5. Servicios de terceros<\/strong><\/p>\n\n\n\n<div class=\"legal\">Para ofrecerle el mejor servicio posible, esta p\u00e1gina web enlaza con servicios de terceros. Al incluir estos recursos en nuestra p\u00e1gina, se podr\u00e1n ejecutar cookies de terceros cuya configuraci\u00f3n es ajena al titular de la web por estar programadas en complementos web sobre los que t\u00e9cnicamente no se puede operar.&nbsp; Para gestionar las preferencias deber\u00e1 acceder a la pol\u00edtica de privacidad de terceros:<\/div>\n\n\n\n<p><\/p>\n\n\n\n<ul>\n<li><a href=\"http:\/\/www.google.com\">www.google.com<\/a>&nbsp;&nbsp;&nbsp;&nbsp;<\/li>\n<\/ul>\n\n\n\n<p><\/p>\n\n\n\n<p><strong>6. C\u00f3mo deshabilitar las cookies en los principales navegadores:<\/strong><\/p>\n\n\n\n<div class=\"legal\">Usted tiene la posibilidad de configurar su navegador para ser avisado por pantalla cada vez que reciba una cookie, de manera que se impida su instalaci\u00f3n en su equipo. Si quiere ampliar esta informaci\u00f3n, por favor consulte las instrucciones y manuales de su navegador:<\/div>\n\n\n\n<p><\/p>\n\n\n\n<div class=\"legal\">Google Chrome: <a href=\"http:\/\/support.google.com\/chrome\/bin\/answer.py?hl=es&amp;answer=95647\">http:\/\/support.google.com\/chrome\/bin\/answer.py?hl=es&amp;answer=95647<\/a><\/div>\n\n\n\n<p><\/p>\n\n\n\n<div class=\"legal\">Microsoft Internet Explorer: <a href=\"https:\/\/support.microsoft.com\/es-es\/help\/17442\/windows-internet-explorer-delete-manage-cookies\">https:\/\/support.microsoft.com\/es-es\/help\/17442\/windows-internet-explorer-delete-manage-cookies<\/a><\/div>\n\n\n\n<p><\/p>\n\n\n\n<div class=\"legal\">Microsoft Edge: <a href=\"https:\/\/privacy.microsoft.com\/es-es\/windows-10-microsoft-edge-and-privacy\">https:\/\/privacy.microsoft.com\/es-es\/windows-10-microsoft-edge-and-privacy<\/a><\/div>\n\n\n\n<p><\/p>\n\n\n\n<div class=\"legal\">Mozilla Firefox: <a href=\"https:\/\/support.mozilla.org\/es\/kb\/habilitar-y-deshabilitar-cookies-sitios-web-rastrear-preferencias\">https:\/\/support.mozilla.org\/es\/kb\/habilitar-y-deshabilitar-cookies-sitios-web-rastrear-preferencias<\/a><\/div>\n\n\n\n<p><\/p>\n\n\n\n<div class=\"legal\">Safari:&nbsp; <a href=\"https:\/\/support.apple.com\/es-es\/guide\/safari\/sfri11471\/mac\">https:\/\/support.apple.com\/es-es\/guide\/safari\/sfri11471\/mac<\/a><\/div>\n\n\n\n<div class=\"legal\">Ud. tiene la posibilidad de evitar que Google Analytics utilice sus datos instalando el Complemento de Inhabilitaci\u00f3n para Navegadores de Google Analytics. Mas informaci\u00f3n en el siguiente enlace: <a href=\"https:\/\/tools.google.com\/dlpage\/gaoptout\">https:\/\/tools.google.com\/dlpage\/gaoptout<\/a><\/div>\n\n\n\n<p><\/p>\n\n\n\n<p><strong>7. Transferencias de terceros<\/strong><\/p>\n\n\n\n<div class=\"legal\">Puedes informarte de las transferencias a terceros pa\u00edses que, en su caso, realizan los terceros identificados en esta pol\u00edtica de cookies en sus correspondientes pol\u00edticas de privacidad (ver apartados 4 y 5)<\/div>\n\n\n\n<p><\/p>\n\n\n\n<p><strong>8. Pol\u00edtica de Privacidad<\/strong><\/p>\n\n\n\n<div class=\"legal\">M\u00e1s informaci\u00f3n sobre nuestra pol\u00edtica de privacidad, <a href=\"http:\/\/fincaslavado.com\/wp2020\/politica-privacidad\/\">aqu\u00ed<\/a><\/div>\n","protected":false},"excerpt":{"rendered":"<p>1. Qu\u00e9 son las cookies Una cookie es un archivo que se descarga en su ordenador o dispositivo m\u00f3vil al<\/p>\n","protected":false},"author":1,"featured_media":0,"parent":0,"menu_order":0,"comment_status":"closed","ping_status":"closed","template":"","meta":{"footnotes":""},"yoast_head":"<!-- This site is optimized with the Yoast SEO plugin v22.1 - https:\/\/yoast.com\/wordpress\/plugins\/seo\/ -->\n<title>Pol\u00edtica de cookies - Fincas Lavado | Tu Administrador de Fincas en Torrevieja<\/title>\n<meta name=\"robots\" content=\"index, follow, max-snippet:-1, max-image-preview:large, max-video-preview:-1\" \/>\n<link rel=\"canonical\" href=\"http:\/\/fincaslavado.com\/wp2020\/politica-cookies\/\" \/>\n<meta property=\"og:locale\" content=\"es_ES\" \/>\n<meta property=\"og:type\" content=\"article\" \/>\n<meta property=\"og:title\" content=\"Pol\u00edtica de cookies - Fincas Lavado | Tu Administrador de Fincas en Torrevieja\" \/>\n<meta property=\"og:description\" content=\"1. Qu\u00e9 son las cookies Una cookie es un archivo que se descarga en su ordenador o dispositivo m\u00f3vil al\" \/>\n<meta property=\"og:url\" content=\"http:\/\/fincaslavado.com\/wp2020\/politica-cookies\/\" \/>\n<meta property=\"og:site_name\" content=\"Fincas Lavado | Tu Administrador de Fincas en Torrevieja\" \/>\n<meta property=\"article:modified_time\" content=\"2025-07-14T23:34:34+00:00\" \/>\n<meta name=\"twitter:card\" content=\"summary_large_image\" \/>\n<meta name=\"twitter:label1\" content=\"Tiempo de lectura\" \/>\n\t<meta name=\"twitter:data1\" content=\"5 minutos\" \/>\n<script type=\"application\/ld+json\" class=\"yoast-schema-graph\">{\"@context\":\"https:\/\/schema.org\",\"@graph\":[{\"@type\":\"WebPage\",\"@id\":\"http:\/\/fincaslavado.com\/wp2020\/politica-cookies\/\",\"url\":\"http:\/\/fincaslavado.com\/wp2020\/politica-cookies\/\",\"name\":\"Pol\u00edtica de cookies - Fincas Lavado | Tu Administrador de Fincas en Torrevieja\",\"isPartOf\":{\"@id\":\"https:\/\/fincaslavado.com\/wp2020\/#website\"},\"datePublished\":\"2022-04-10T06:45:47+00:00\",\"dateModified\":\"2025-07-14T23:34:34+00:00\",\"breadcrumb\":{\"@id\":\"http:\/\/fincaslavado.com\/wp2020\/politica-cookies\/#breadcrumb\"},\"inLanguage\":\"es\",\"potentialAction\":[{\"@type\":\"ReadAction\",\"target\":[\"http:\/\/fincaslavado.com\/wp2020\/politica-cookies\/\"]}]},{\"@type\":\"BreadcrumbList\",\"@id\":\"http:\/\/fincaslavado.com\/wp2020\/politica-cookies\/#breadcrumb\",\"itemListElement\":[{\"@type\":\"ListItem\",\"position\":1,\"name\":\"Portada\",\"item\":\"https:\/\/fincaslavado.com\/wp2020\/\"},{\"@type\":\"ListItem\",\"position\":2,\"name\":\"Pol\u00edtica de cookies\"}]},{\"@type\":\"WebSite\",\"@id\":\"https:\/\/fincaslavado.com\/wp2020\/#website\",\"url\":\"https:\/\/fincaslavado.com\/wp2020\/\",\"name\":\"Fincas Lavado | Tu Administrador de Fincas en Torrevieja\",\"description\":\"Administraci\u00f3n de fincas\",\"publisher\":{\"@id\":\"https:\/\/fincaslavado.com\/wp2020\/#organization\"},\"potentialAction\":[{\"@type\":\"SearchAction\",\"target\":{\"@type\":\"EntryPoint\",\"urlTemplate\":\"https:\/\/fincaslavado.com\/wp2020\/?s={search_term_string}\"},\"query-input\":\"required name=search_term_string\"}],\"inLanguage\":\"es\"},{\"@type\":\"Organization\",\"@id\":\"https:\/\/fincaslavado.com\/wp2020\/#organization\",\"name\":\"Fincas Lavado | Tu Administrador de Fincas en Torrevieja\",\"url\":\"https:\/\/fincaslavado.com\/wp2020\/\",\"logo\":{\"@type\":\"ImageObject\",\"inLanguage\":\"es\",\"@id\":\"https:\/\/fincaslavado.com\/wp2020\/#\/schema\/logo\/image\/\",\"url\":\"http:\/\/fincaslavado.com\/wp2020\/wp-content\/uploads\/2024\/02\/logo_f_lavado_letras-1.png\",\"contentUrl\":\"http:\/\/fincaslavado.com\/wp2020\/wp-content\/uploads\/2024\/02\/logo_f_lavado_letras-1.png\",\"width\":400,\"height\":110,\"caption\":\"Fincas Lavado | Tu Administrador de Fincas en Torrevieja\"},\"image\":{\"@id\":\"https:\/\/fincaslavado.com\/wp2020\/#\/schema\/logo\/image\/\"}}]}<\/script>\n<!-- \/ Yoast SEO plugin. -->","yoast_head_json":{"title":"Pol\u00edtica de cookies - Fincas Lavado | Tu Administrador de Fincas en Torrevieja","robots":{"index":"index","follow":"follow","max-snippet":"max-snippet:-1","max-image-preview":"max-image-preview:large","max-video-preview":"max-video-preview:-1"},"canonical":"http:\/\/fincaslavado.com\/wp2020\/politica-cookies\/","og_locale":"es_ES","og_type":"article","og_title":"Pol\u00edtica de cookies - Fincas Lavado | Tu Administrador de Fincas en Torrevieja","og_description":"1. Qu\u00e9 son las cookies Una cookie es un archivo que se descarga en su ordenador o dispositivo m\u00f3vil al","og_url":"http:\/\/fincaslavado.com\/wp2020\/politica-cookies\/","og_site_name":"Fincas Lavado | Tu Administrador de Fincas en Torrevieja","article_modified_time":"2025-07-14T23:34:34+00:00","twitter_card":"summary_large_image","twitter_misc":{"Tiempo de lectura":"5 minutos"},"schema":{"@context":"https:\/\/schema.org","@graph":[{"@type":"WebPage","@id":"http:\/\/fincaslavado.com\/wp2020\/politica-cookies\/","url":"http:\/\/fincaslavado.com\/wp2020\/politica-cookies\/","name":"Pol\u00edtica de cookies - Fincas Lavado | Tu Administrador de Fincas en Torrevieja","isPartOf":{"@id":"https:\/\/fincaslavado.com\/wp2020\/#website"},"datePublished":"2022-04-10T06:45:47+00:00","dateModified":"2025-07-14T23:34:34+00:00","breadcrumb":{"@id":"http:\/\/fincaslavado.com\/wp2020\/politica-cookies\/#breadcrumb"},"inLanguage":"es","potentialAction":[{"@type":"ReadAction","target":["http:\/\/fincaslavado.com\/wp2020\/politica-cookies\/"]}]},{"@type":"BreadcrumbList","@id":"http:\/\/fincaslavado.com\/wp2020\/politica-cookies\/#breadcrumb","itemListElement":[{"@type":"ListItem","position":1,"name":"Portada","item":"https:\/\/fincaslavado.com\/wp2020\/"},{"@type":"ListItem","position":2,"name":"Pol\u00edtica de cookies"}]},{"@type":"WebSite","@id":"https:\/\/fincaslavado.com\/wp2020\/#website","url":"https:\/\/fincaslavado.com\/wp2020\/","name":"Fincas Lavado | Tu Administrador de Fincas en Torrevieja","description":"Administraci\u00f3n de fincas","publisher":{"@id":"https:\/\/fincaslavado.com\/wp2020\/#organization"},"potentialAction":[{"@type":"SearchAction","target":{"@type":"EntryPoint","urlTemplate":"https:\/\/fincaslavado.com\/wp2020\/?s={search_term_string}"},"query-input":"required name=search_term_string"}],"inLanguage":"es"},{"@type":"Organization","@id":"https:\/\/fincaslavado.com\/wp2020\/#organization","name":"Fincas Lavado | Tu Administrador de Fincas en Torrevieja","url":"https:\/\/fincaslavado.com\/wp2020\/","logo":{"@type":"ImageObject","inLanguage":"es","@id":"https:\/\/fincaslavado.com\/wp2020\/#\/schema\/logo\/image\/","url":"http:\/\/fincaslavado.com\/wp2020\/wp-content\/uploads\/2024\/02\/logo_f_lavado_letras-1.png","contentUrl":"http:\/\/fincaslavado.com\/wp2020\/wp-content\/uploads\/2024\/02\/logo_f_lavado_letras-1.png","width":400,"height":110,"caption":"Fincas Lavado | Tu Administrador de Fincas en Torrevieja"},"image":{"@id":"https:\/\/fincaslavado.com\/wp2020\/#\/schema\/logo\/image\/"}}]}},"_links":{"self":[{"href":"http:\/\/fincaslavado.com\/wp2020\/wp-json\/wp\/v2\/pages\/179"}],"collection":[{"href":"http:\/\/fincaslavado.com\/wp2020\/wp-json\/wp\/v2\/pages"}],"about":[{"href":"http:\/\/fincaslavado.com\/wp2020\/wp-json\/wp\/v2\/types\/page"}],"author":[{"embeddable":true,"href":"http:\/\/fincaslavado.com\/wp2020\/wp-json\/wp\/v2\/users\/1"}],"replies":[{"embeddable":true,"href":"http:\/\/fincaslavado.com\/wp2020\/wp-json\/wp\/v2\/comments?post=179"}],"version-history":[{"count":5,"href":"http:\/\/fincaslavado.com\/wp2020\/wp-json\/wp\/v2\/pages\/179\/revisions"}],"predecessor-version":[{"id":356,"href":"http:\/\/fincaslavado.com\/wp2020\/wp-json\/wp\/v2\/pages\/179\/revisions\/356"}],"wp:attachment":[{"href":"http:\/\/fincaslavado.com\/wp2020\/wp-json\/wp\/v2\/media?parent=179"}],"curies":[{"name":"wp","href":"https:\/\/api.w.org\/{rel}","templated":true}]}}