{"id":134,"date":"2020-11-24T15:57:37","date_gmt":"2020-11-24T15:57:37","guid":{"rendered":"http:\/\/fincaslavado.com\/wp2020\/aviso-legal\/"},"modified":"2022-04-10T05:56:55","modified_gmt":"2022-04-10T05:56:55","slug":"aviso-legal","status":"publish","type":"page","link":"http:\/\/fincaslavado.com\/wp2020\/aviso-legal\/","title":{"rendered":"Aviso Legal"},"content":{"rendered":"\n<p>En cumplimiento del art\u00edculo 10 de la Ley 34\/2002, de 1 de julio, de Servicios de la Sociedad de la Informaci\u00f3n y Comercio Electr\u00f3nico (LSSI-CE), se informa al usuario la siguiente informaci\u00f3n:<\/p>\n\n\n\n<p><strong>Titular:<\/strong> LAVADO ADMINISTRACI\u00d3N DE FINCAS, S.L.<\/p>\n\n\n\n<p><strong>NIF:<\/strong> B54608526<\/p>\n\n\n\n<p><strong>Inscrito en el Registro Mercantil de Alicante<\/strong>: T 3579, F 144, S 8, H A 128493<\/p>\n\n\n\n<p><strong>Domicilio social:<\/strong> Avenida Ramon Gallud, 16-1\u00baD (03181) Torrevieja (Alicante)<\/p>\n\n\n\n<p><strong>Direcci\u00f3n de correo electr\u00f3nico:<\/strong> <a href=\"mailto:comunidades@fincaslavado.com\">comunidades@fincaslavado.com<\/a><\/p>\n\n\n\n<p><strong>Direcci\u00f3n web:<\/strong> <a href=\"http:\/\/fincaslavado.com\/\">www.fincaslavado.com<\/a><\/p>\n\n\n\n<p><\/p>\n\n\n\n<ol type=\"1\"><li><strong><u>INFORMACI\u00d3N LEGAL<\/u><\/strong><strong><\/strong><\/li><\/ol>\n\n\n\n<p>Bienvenido al Sitio Web de MERCANTIL, S.L. el cual ha sido dise\u00f1ado con el objeto de facilitarle informaci\u00f3n general acerca de la actividad y los servicios que ofrece. Los t\u00e9rminos y condiciones que ser\u00e1n aplicables durante su navegaci\u00f3n por este Sitio Web se encuentran recogidos en el apartado <strong>\u201cCondiciones Generales de Uso\u201d<\/strong> del presente documento, de conformidad con la normativa legal vigente. Se recuerda que el responsable podr\u00eda modificar en cualquier momento estas condiciones de manera unilateral, por lo que es recomendable que las visite de forma peri\u00f3dica a fin de estar debidamente informado de posibles cambios realizados.<\/p>\n\n\n\n<p>El prestador, responsable del sitio web, pone a disposici\u00f3n de los usuarios el presente documento con el que pretende dar cumplimiento a las obligaciones dispuestas en la Ley 34\/2002, de Servicios de la Sociedad de la Informaci\u00f3n y del Comercio Electr\u00f3nico (LSSI-CE), as\u00ed como informar a todos los usuarios del sitio web respecto a cu\u00e1les son las condiciones de uso del sitio web.<\/p>\n\n\n\n<p>El acceso al Sitio Web es gratuito, salvo en lo relativo al coste de la conexi\u00f3n a trav\u00e9s de la red de telecomunicaciones suministrada por el proveedor de acceso contratado por los usuarios. La utilizaci\u00f3n del Sitio Web le atribuye la condici\u00f3n de Usuario e implica la aceptaci\u00f3n de todas las condiciones incluidas en este Aviso Legal.<\/p>\n\n\n\n<p>Para garantizar que su navegaci\u00f3n se ajuste a los criterios de transparencia, claridad y sencillez, se informa al Usuario de que cualquier duda, sugerencia o consulta sobre el presente Aviso Legal ser\u00e1 recibida y tramitada a trav\u00e9s de la direcci\u00f3n de correo electr\u00f3nico <a href=\"mailto:comunidades@fincaslavado.com\">comunidades@fincaslavado.com<\/a><\/p>\n\n\n\n<p><\/p>\n\n\n\n<p><strong>2. <u>CONDICIONES GENERALES DE USO<\/u><\/strong><\/p>\n\n\n\n<p><strong>2.1<u> COMPROMISOS Y OBLIGACIONES DEL USUARIO<\/u><\/strong><\/p>\n\n\n\n<p>El usuario se compromete a utilizar los servicios y contenidos del Sitio Web, de conformidad con la legislaci\u00f3n aplicable y las presentes Condiciones Generales de Uso, as\u00ed como con dem\u00e1s condiciones, reglamentos o instrucciones que en su caso pudieran resultar de aplicaci\u00f3n en el presente Aviso Legal.<\/p>\n\n\n\n<p>El Usuario responder\u00e1 frente a LAVADO ADMINISTRACI\u00d3N DE FINCAS, S.L. o frente a terceros de cualesquiera da\u00f1os y perjuicios que pudieran causarse como consecuencia del incumplimiento de esta obligaci\u00f3n.<\/p>\n\n\n\n<p>Queda expresamente prohibido el uso del Sitio Web con fines lesivos de bienes o intereses del responsable o de terceros o que de cualquier otra forma sobrecarguen, da\u00f1en o inutilicen las redes, servidores y dem\u00e1s equipos inform\u00e1ticos (hardware) o productos y aplicaciones inform\u00e1ticas (software) de los mismos.<\/p>\n\n\n\n<p><strong>2.2 <u>EXCLUSI\u00d3N DE RESPONSABILIDAD<\/u><\/strong><\/p>\n\n\n\n<p>LAVADO ADMINISTRACI\u00d3N DE FINCAS, S.L. no se responsabiliza ni garantiza que el acceso a este Sitio Web est\u00e9 libre de error o no pueda ser interrumpido por eventuales errores de programaci\u00f3n u otras causas de fuerza mayor.<\/p>\n\n\n\n<p>El titular adopta medidas de seguridad razonablemente adecuadas para detectar la existencia de virus. No obstante, dado que las medidas de seguridad de los sistemas inform\u00e1ticos no son plenamente fiables, no se garantiza la ausencia de virus ni de otros elementos en los contenidos que puedan producir alteraciones en su sistema inform\u00e1tico (software y hardware) o en los documentos electr\u00f3nicos y ficheros almacenados en su sistema inform\u00e1tico, por lo que corresponde al Usuario disponer de herramientas adecuadas para su detecci\u00f3n.<\/p>\n\n\n\n<p>De igual manera, en ning\u00fan caso ser\u00e1 responsable por las p\u00e9rdidas, da\u00f1os o perjuicios de cualquier naturaleza, directos o indirectos, que surjan por el acceso y uso del Sitio Web o sus contenidos, ni por aquellos que pudiesen ocasionarse al Usuario por un uso inadecuado de este Sitio Web o sus contenidos. En particular, no se responsabiliza en modo alguno de las ca\u00eddas, interrupciones, falta o defecto de las comunicaciones ni de los da\u00f1os inform\u00e1ticos que pudieran ocasionar al usuario visitante el acceso a los contenidos de este sitio.<\/p>\n\n\n\n<p><strong>2.3 ENLACES EXTERNOS<\/strong><\/p>\n\n\n\n<p>Este Sitio Web proporciona enlaces a sitios webs de terceros que permiten al Usuario ser redirigido. El responsable no asume ning\u00fan tipo de responsabilidad respecto a los contenidos que pudieran albergar.<\/p>\n\n\n\n<p>En caso de advertir la existencia de contenidos contrarios a la ley, la moral o el orden p\u00fablico, el responsable proceder\u00e1 a la retirada inmediata del enlace a la web en cuesti\u00f3n y a la comunicaci\u00f3n de esta situaci\u00f3n a la autoridad competente, conforme al art\u00edculo 16 de la Ley 34\/2002, de 11 de julio, de servicios de la sociedad de la informaci\u00f3n y de comercio electr\u00f3nico (LSSICE). Esta circunstancia se extiende a la informaci\u00f3n y contenidos alojados en foros, chats, comentarios, redes sociales, blogs y similares.<\/p>\n\n\n\n<p><\/p>\n\n\n\n<p><strong><u>3. PROTECCI\u00d3N DE DATOS PERSONALES<\/u><\/strong><\/p>\n\n\n\n<p>La informaci\u00f3n sobre el tratamiento de sus datos personales se encuentra detallada en la Pol\u00edtica de Privacidad (crear enlace).<\/p>\n\n\n\n<p><\/p>\n\n\n\n<p><strong>4. <u>PROPIEDAD INDUSTRIAL E INTELECTUAL<\/u><\/strong><\/p>\n\n\n\n<p>Todos los contenidos del Sitio Web \u2013entendiendo como tales a t\u00edtulo meramente enunciativo pero no limitativo los textos, fotograf\u00edas, gr\u00e1ficos, iconos, tecnolog\u00eda, software, links y dem\u00e1s contenidos audiovisuales o sonoros, as\u00ed como su dise\u00f1o gr\u00e1fico y c\u00f3digos fuente (en adelante, los \u201cContenidos\u201d) \u2013son propiedad intelectual de LAVADO ADMINISTRACI\u00d3N DE FINCAS, S.L., sin que puedan entenderse cedidos al Usuario ninguno de los derechos de explotaci\u00f3n sobre los mismos m\u00e1s all\u00e1 de lo estrictamente necesario para el correcto uso del Sitio. Asimismo, todas las marcas, nombres comerciales, logos y signos distintivos son propiedad de LAVADO ADMINISTRACI\u00d3N DE FINCAS, S.L. y no podr\u00e1n ser reproducidos o utilizados por el Usuario salvo autorizaci\u00f3n expresa otorgada por \u00e9l.<\/p>\n\n\n\n<p>El Usuario se compromete a no reproducir, copiar, distribuir, poner a disposici\u00f3n o comunicar p\u00fablicamente de cualquier otro modo, transformar o modificar los Contenidos salvo en los casos autorizados por la ley o consentidos de forma expresa por LAVADO ADMINISTRACI\u00d3N DE FINCAS, S.L. o, en su caso, por quien ostente la titularidad de los derechos de explotaci\u00f3n. El acceso al Sitio Web no implica bajo ninguna circunstancia ning\u00fan tipo de renuncia, transmisi\u00f3n, licencia o cesi\u00f3n total ni parcial de dichos derechos, salvo que se establezca expresamente lo contrario.<\/p>\n\n\n\n<p>El Usuario deber\u00e1 abstenerse de reproducir o copiar para uso privado los Contenidos que puedan ser considerados como Software o Base de Datos de conformidad con la legislaci\u00f3n vigente en materia de propiedad intelectual, as\u00ed como su comunicaci\u00f3n p\u00fablica o puesta a disposici\u00f3n de terceros cuando estos actos impliquen necesariamente la reproducci\u00f3n por parte del Usuario o de un tercero.<\/p>\n\n\n\n<p><\/p>\n\n\n\n<p><strong>5. <u>LEY APLICABLE Y JURISDICCI\u00d3N<\/u><\/strong> La ley aplicable en caso de disputa o conflicto de interpretaci\u00f3n de los t\u00e9rminos y condiciones de este Sitio Web, as\u00ed como cualquier cuesti\u00f3n relacionada con los servicios ofertados en el mismo, ser\u00e1 la ley espa\u00f1ola. &nbsp;Toda controversia o disputa legal que pueda suscitarse entre el usuario y la empresa por el uso de este sitio web, queda sometida a la v\u00eda judicial en los Juzgados y Tribunales que correspondan de conformidad con las reglas de competencia legalmente establecidas en la Ley 1\/2000, de 7 de enero, de Enjuiciamiento Civil.<\/p>\n","protected":false},"excerpt":{"rendered":"<p>En cumplimiento del art\u00edculo 10 de la Ley 34\/2002, de 1 de julio, de Servicios de la Sociedad de la<\/p>\n","protected":false},"author":1,"featured_media":0,"parent":0,"menu_order":0,"comment_status":"closed","ping_status":"closed","template":"","meta":{"footnotes":""},"yoast_head":"<!-- This site is optimized with the Yoast SEO plugin v22.1 - https:\/\/yoast.com\/wordpress\/plugins\/seo\/ -->\n<title>Aviso Legal - Fincas Lavado | Tu Administrador de Fincas en Torrevieja<\/title>\n<meta name=\"robots\" content=\"index, follow, max-snippet:-1, max-image-preview:large, max-video-preview:-1\" \/>\n<link rel=\"canonical\" href=\"http:\/\/fincaslavado.com\/wp2020\/aviso-legal\/\" \/>\n<meta property=\"og:locale\" content=\"es_ES\" \/>\n<meta property=\"og:type\" content=\"article\" \/>\n<meta property=\"og:title\" content=\"Aviso Legal - Fincas Lavado | Tu Administrador de Fincas en Torrevieja\" \/>\n<meta property=\"og:description\" content=\"En cumplimiento del art\u00edculo 10 de la Ley 34\/2002, de 1 de julio, de Servicios de la Sociedad de la\" \/>\n<meta property=\"og:url\" content=\"http:\/\/fincaslavado.com\/wp2020\/aviso-legal\/\" \/>\n<meta property=\"og:site_name\" content=\"Fincas Lavado | Tu Administrador de Fincas en Torrevieja\" \/>\n<meta property=\"article:modified_time\" content=\"2022-04-10T05:56:55+00:00\" \/>\n<meta name=\"twitter:card\" content=\"summary_large_image\" \/>\n<meta name=\"twitter:label1\" content=\"Tiempo de lectura\" \/>\n\t<meta name=\"twitter:data1\" content=\"6 minutos\" \/>\n<script type=\"application\/ld+json\" class=\"yoast-schema-graph\">{\"@context\":\"https:\/\/schema.org\",\"@graph\":[{\"@type\":\"WebPage\",\"@id\":\"http:\/\/fincaslavado.com\/wp2020\/aviso-legal\/\",\"url\":\"http:\/\/fincaslavado.com\/wp2020\/aviso-legal\/\",\"name\":\"Aviso Legal - Fincas Lavado | Tu Administrador de Fincas en Torrevieja\",\"isPartOf\":{\"@id\":\"https:\/\/fincaslavado.com\/wp2020\/#website\"},\"datePublished\":\"2020-11-24T15:57:37+00:00\",\"dateModified\":\"2022-04-10T05:56:55+00:00\",\"breadcrumb\":{\"@id\":\"http:\/\/fincaslavado.com\/wp2020\/aviso-legal\/#breadcrumb\"},\"inLanguage\":\"es\",\"potentialAction\":[{\"@type\":\"ReadAction\",\"target\":[\"http:\/\/fincaslavado.com\/wp2020\/aviso-legal\/\"]}]},{\"@type\":\"BreadcrumbList\",\"@id\":\"http:\/\/fincaslavado.com\/wp2020\/aviso-legal\/#breadcrumb\",\"itemListElement\":[{\"@type\":\"ListItem\",\"position\":1,\"name\":\"Portada\",\"item\":\"https:\/\/fincaslavado.com\/wp2020\/\"},{\"@type\":\"ListItem\",\"position\":2,\"name\":\"Aviso Legal\"}]},{\"@type\":\"WebSite\",\"@id\":\"https:\/\/fincaslavado.com\/wp2020\/#website\",\"url\":\"https:\/\/fincaslavado.com\/wp2020\/\",\"name\":\"Fincas Lavado | Tu Administrador de Fincas en Torrevieja\",\"description\":\"Administraci\u00f3n de fincas\",\"publisher\":{\"@id\":\"https:\/\/fincaslavado.com\/wp2020\/#organization\"},\"potentialAction\":[{\"@type\":\"SearchAction\",\"target\":{\"@type\":\"EntryPoint\",\"urlTemplate\":\"https:\/\/fincaslavado.com\/wp2020\/?s={search_term_string}\"},\"query-input\":\"required name=search_term_string\"}],\"inLanguage\":\"es\"},{\"@type\":\"Organization\",\"@id\":\"https:\/\/fincaslavado.com\/wp2020\/#organization\",\"name\":\"Fincas Lavado | Tu Administrador de Fincas en Torrevieja\",\"url\":\"https:\/\/fincaslavado.com\/wp2020\/\",\"logo\":{\"@type\":\"ImageObject\",\"inLanguage\":\"es\",\"@id\":\"https:\/\/fincaslavado.com\/wp2020\/#\/schema\/logo\/image\/\",\"url\":\"http:\/\/fincaslavado.com\/wp2020\/wp-content\/uploads\/2024\/02\/logo_f_lavado_letras-1.png\",\"contentUrl\":\"http:\/\/fincaslavado.com\/wp2020\/wp-content\/uploads\/2024\/02\/logo_f_lavado_letras-1.png\",\"width\":400,\"height\":110,\"caption\":\"Fincas Lavado | Tu Administrador de Fincas en Torrevieja\"},\"image\":{\"@id\":\"https:\/\/fincaslavado.com\/wp2020\/#\/schema\/logo\/image\/\"}}]}<\/script>\n<!-- \/ Yoast SEO plugin. -->","yoast_head_json":{"title":"Aviso Legal - Fincas Lavado | Tu Administrador de Fincas en Torrevieja","robots":{"index":"index","follow":"follow","max-snippet":"max-snippet:-1","max-image-preview":"max-image-preview:large","max-video-preview":"max-video-preview:-1"},"canonical":"http:\/\/fincaslavado.com\/wp2020\/aviso-legal\/","og_locale":"es_ES","og_type":"article","og_title":"Aviso Legal - Fincas Lavado | Tu Administrador de Fincas en Torrevieja","og_description":"En cumplimiento del art\u00edculo 10 de la Ley 34\/2002, de 1 de julio, de Servicios de la Sociedad de la","og_url":"http:\/\/fincaslavado.com\/wp2020\/aviso-legal\/","og_site_name":"Fincas Lavado | Tu Administrador de Fincas en Torrevieja","article_modified_time":"2022-04-10T05:56:55+00:00","twitter_card":"summary_large_image","twitter_misc":{"Tiempo de lectura":"6 minutos"},"schema":{"@context":"https:\/\/schema.org","@graph":[{"@type":"WebPage","@id":"http:\/\/fincaslavado.com\/wp2020\/aviso-legal\/","url":"http:\/\/fincaslavado.com\/wp2020\/aviso-legal\/","name":"Aviso Legal - Fincas Lavado | Tu Administrador de Fincas en Torrevieja","isPartOf":{"@id":"https:\/\/fincaslavado.com\/wp2020\/#website"},"datePublished":"2020-11-24T15:57:37+00:00","dateModified":"2022-04-10T05:56:55+00:00","breadcrumb":{"@id":"http:\/\/fincaslavado.com\/wp2020\/aviso-legal\/#breadcrumb"},"inLanguage":"es","potentialAction":[{"@type":"ReadAction","target":["http:\/\/fincaslavado.com\/wp2020\/aviso-legal\/"]}]},{"@type":"BreadcrumbList","@id":"http:\/\/fincaslavado.com\/wp2020\/aviso-legal\/#breadcrumb","itemListElement":[{"@type":"ListItem","position":1,"name":"Portada","item":"https:\/\/fincaslavado.com\/wp2020\/"},{"@type":"ListItem","position":2,"name":"Aviso Legal"}]},{"@type":"WebSite","@id":"https:\/\/fincaslavado.com\/wp2020\/#website","url":"https:\/\/fincaslavado.com\/wp2020\/","name":"Fincas Lavado | Tu Administrador de Fincas en Torrevieja","description":"Administraci\u00f3n de fincas","publisher":{"@id":"https:\/\/fincaslavado.com\/wp2020\/#organization"},"potentialAction":[{"@type":"SearchAction","target":{"@type":"EntryPoint","urlTemplate":"https:\/\/fincaslavado.com\/wp2020\/?s={search_term_string}"},"query-input":"required name=search_term_string"}],"inLanguage":"es"},{"@type":"Organization","@id":"https:\/\/fincaslavado.com\/wp2020\/#organization","name":"Fincas Lavado | Tu Administrador de Fincas en Torrevieja","url":"https:\/\/fincaslavado.com\/wp2020\/","logo":{"@type":"ImageObject","inLanguage":"es","@id":"https:\/\/fincaslavado.com\/wp2020\/#\/schema\/logo\/image\/","url":"http:\/\/fincaslavado.com\/wp2020\/wp-content\/uploads\/2024\/02\/logo_f_lavado_letras-1.png","contentUrl":"http:\/\/fincaslavado.com\/wp2020\/wp-content\/uploads\/2024\/02\/logo_f_lavado_letras-1.png","width":400,"height":110,"caption":"Fincas Lavado | Tu Administrador de Fincas en Torrevieja"},"image":{"@id":"https:\/\/fincaslavado.com\/wp2020\/#\/schema\/logo\/image\/"}}]}},"_links":{"self":[{"href":"http:\/\/fincaslavado.com\/wp2020\/wp-json\/wp\/v2\/pages\/134"}],"collection":[{"href":"http:\/\/fincaslavado.com\/wp2020\/wp-json\/wp\/v2\/pages"}],"about":[{"href":"http:\/\/fincaslavado.com\/wp2020\/wp-json\/wp\/v2\/types\/page"}],"author":[{"embeddable":true,"href":"http:\/\/fincaslavado.com\/wp2020\/wp-json\/wp\/v2\/users\/1"}],"replies":[{"embeddable":true,"href":"http:\/\/fincaslavado.com\/wp2020\/wp-json\/wp\/v2\/comments?post=134"}],"version-history":[{"count":1,"href":"http:\/\/fincaslavado.com\/wp2020\/wp-json\/wp\/v2\/pages\/134\/revisions"}],"predecessor-version":[{"id":176,"href":"http:\/\/fincaslavado.com\/wp2020\/wp-json\/wp\/v2\/pages\/134\/revisions\/176"}],"wp:attachment":[{"href":"http:\/\/fincaslavado.com\/wp2020\/wp-json\/wp\/v2\/media?parent=134"}],"curies":[{"name":"wp","href":"https:\/\/api.w.org\/{rel}","templated":true}]}}